{"id":1467,"date":"2024-01-21T15:02:14","date_gmt":"2024-01-21T14:02:14","guid":{"rendered":"https:\/\/meganehaslouin.com\/?page_id=1467"},"modified":"2024-01-27T17:33:25","modified_gmt":"2024-01-27T16:33:25","slug":"politique-de-confidentialite-2","status":"publish","type":"page","link":"https:\/\/meganehaslouin.com\/?page_id=1467","title":{"rendered":"Politique de Confidentialit\u00e9"},"content":{"rendered":"\t\t<div data-elementor-type=\"wp-page\" data-elementor-id=\"1467\" class=\"elementor elementor-1467\">\n\t\t\t\t<div class=\"elementor-element elementor-element-3fbeefe e-con-full e-flex e-con e-parent\" data-id=\"3fbeefe\" data-element_type=\"container\" data-e-type=\"container\" data-settings=\"{&quot;background_background&quot;:&quot;classic&quot;,&quot;position&quot;:&quot;fixed&quot;}\">\n\t\t<div class=\"elementor-element elementor-element-13d6b5a e-con-full e-flex e-con e-child\" data-id=\"13d6b5a\" data-element_type=\"container\" data-e-type=\"container\" data-settings=\"{&quot;background_background&quot;:&quot;classic&quot;}\">\n\t\t<div class=\"elementor-element elementor-element-2f39bc0 e-con-full e-flex e-con e-child\" data-id=\"2f39bc0\" data-element_type=\"container\" data-e-type=\"container\">\n\t\t\t\t<div class=\"elementor-element elementor-element-22623e3 elementor-widget elementor-widget-image\" data-id=\"22623e3\" data-element_type=\"widget\" data-e-type=\"widget\" data-widget_type=\"image.default\">\n\t\t\t\t<div class=\"elementor-widget-container\">\n\t\t\t\t\t\t\t\t\t\t\t\t\t\t\t<img fetchpriority=\"high\" decoding=\"async\" width=\"500\" height=\"500\" src=\"https:\/\/meganehaslouin.com\/wp-content\/uploads\/2023\/07\/page-3333.png\" class=\"elementor-animation-grow attachment-full size-full wp-image-12\" alt=\"Logo : \u00e9criture : megane haslouin, MH en blanc sur fond noir, soulign\u00e9 par des variantes de violet\" srcset=\"https:\/\/meganehaslouin.com\/wp-content\/uploads\/2023\/07\/page-3333.png 500w, https:\/\/meganehaslouin.com\/wp-content\/uploads\/2023\/07\/page-3333-300x300.png 300w, https:\/\/meganehaslouin.com\/wp-content\/uploads\/2023\/07\/page-3333-150x150.png 150w, https:\/\/meganehaslouin.com\/wp-content\/uploads\/2023\/07\/elementor\/thumbs\/page-3333-q9lv1hqxdfue7nxy8a8haw04qs3j62rfg98tuk8tt4.png 100w, https:\/\/meganehaslouin.com\/wp-content\/uploads\/2023\/07\/elementor\/thumbs\/page-3333-q9lv1hqwrig6env30tsw8uky83zpu75kicy8rv07sk.png 50w, https:\/\/meganehaslouin.com\/wp-content\/uploads\/2023\/07\/elementor\/thumbs\/page-3333-q9lv1hqylamtto3on73neyuhs4b5ttz5c1tzzyq1u8.png 200w\" sizes=\"(max-width: 500px) 100vw, 500px\" \/>\t\t\t\t\t\t\t\t\t\t\t\t\t\t\t<\/div>\n\t\t\t\t<\/div>\n\t\t\t\t<\/div>\n\t\t\t\t<\/div>\n\t\t<div class=\"elementor-element elementor-element-eb9601d e-con-full e-flex e-con e-child\" data-id=\"eb9601d\" data-element_type=\"container\" data-e-type=\"container\">\n\t\t\t\t<div class=\"elementor-element elementor-element-6c2db7c elementor-align-center elementor-widget elementor-widget-button\" data-id=\"6c2db7c\" data-element_type=\"widget\" data-e-type=\"widget\" data-widget_type=\"button.default\">\n\t\t\t\t<div class=\"elementor-widget-container\">\n\t\t\t\t\t\t\t\t\t<div class=\"elementor-button-wrapper\">\n\t\t\t\t\t<a class=\"elementor-button elementor-button-link elementor-size-sm elementor-animation-grow\" href=\"https:\/\/meganehaslouin.com\/?page_id=17\">\n\t\t\t\t\t\t<span class=\"elementor-button-content-wrapper\">\n\t\t\t\t\t\t<span class=\"elementor-button-icon\">\n\t\t\t\t<i aria-hidden=\"true\" class=\"fas fa-home\"><\/i>\t\t\t<\/span>\n\t\t\t\t\t\t\t\t\t<span class=\"elementor-button-text\">Accueil<\/span>\n\t\t\t\t\t<\/span>\n\t\t\t\t\t<\/a>\n\t\t\t\t<\/div>\n\t\t\t\t\t\t\t\t<\/div>\n\t\t\t\t<\/div>\n\t\t\t\t<div class=\"elementor-element elementor-element-c0cae88 elementor-align-center elementor-widget elementor-widget-button\" data-id=\"c0cae88\" data-element_type=\"widget\" data-e-type=\"widget\" data-widget_type=\"button.default\">\n\t\t\t\t<div class=\"elementor-widget-container\">\n\t\t\t\t\t\t\t\t\t<div class=\"elementor-button-wrapper\">\n\t\t\t\t\t<a class=\"elementor-button elementor-button-link elementor-size-sm elementor-animation-grow\" href=\"https:\/\/meganehaslouin.com\/?page_id=102\">\n\t\t\t\t\t\t<span class=\"elementor-button-content-wrapper\">\n\t\t\t\t\t\t<span class=\"elementor-button-icon\">\n\t\t\t\t<i aria-hidden=\"true\" class=\"fas fa-feather-alt\"><\/i>\t\t\t<\/span>\n\t\t\t\t\t\t\t\t\t<span class=\"elementor-button-text\">l'autrice<\/span>\n\t\t\t\t\t<\/span>\n\t\t\t\t\t<\/a>\n\t\t\t\t<\/div>\n\t\t\t\t\t\t\t\t<\/div>\n\t\t\t\t<\/div>\n\t\t\t\t<div class=\"elementor-element elementor-element-a686041 elementor-align-center elementor-widget elementor-widget-button\" data-id=\"a686041\" data-element_type=\"widget\" data-e-type=\"widget\" data-widget_type=\"button.default\">\n\t\t\t\t<div class=\"elementor-widget-container\">\n\t\t\t\t\t\t\t\t\t<div class=\"elementor-button-wrapper\">\n\t\t\t\t\t<a class=\"elementor-button elementor-button-link elementor-size-sm elementor-animation-grow\" href=\"https:\/\/meganehaslouin.com\/?page_id=222\">\n\t\t\t\t\t\t<span class=\"elementor-button-content-wrapper\">\n\t\t\t\t\t\t<span class=\"elementor-button-icon\">\n\t\t\t\t<i aria-hidden=\"true\" class=\"fas fa-book-reader\"><\/i>\t\t\t<\/span>\n\t\t\t\t\t\t\t\t\t<span class=\"elementor-button-text\">Livres<\/span>\n\t\t\t\t\t<\/span>\n\t\t\t\t\t<\/a>\n\t\t\t\t<\/div>\n\t\t\t\t\t\t\t\t<\/div>\n\t\t\t\t<\/div>\n\t\t\t\t<div class=\"elementor-element elementor-element-709caa2 elementor-align-center elementor-widget elementor-widget-button\" data-id=\"709caa2\" data-element_type=\"widget\" data-e-type=\"widget\" data-widget_type=\"button.default\">\n\t\t\t\t<div class=\"elementor-widget-container\">\n\t\t\t\t\t\t\t\t\t<div class=\"elementor-button-wrapper\">\n\t\t\t\t\t<a class=\"elementor-button elementor-button-link elementor-size-sm elementor-animation-grow\" href=\"https:\/\/meganehaslouin.com\/?page_id=230\">\n\t\t\t\t\t\t<span class=\"elementor-button-content-wrapper\">\n\t\t\t\t\t\t<span class=\"elementor-button-icon\">\n\t\t\t\t<i aria-hidden=\"true\" class=\"fas fa-podcast\"><\/i>\t\t\t<\/span>\n\t\t\t\t\t\t\t\t\t<span class=\"elementor-button-text\">Podcast<\/span>\n\t\t\t\t\t<\/span>\n\t\t\t\t\t<\/a>\n\t\t\t\t<\/div>\n\t\t\t\t\t\t\t\t<\/div>\n\t\t\t\t<\/div>\n\t\t\t\t<div class=\"elementor-element elementor-element-b765e2c elementor-align-center elementor-widget elementor-widget-button\" data-id=\"b765e2c\" data-element_type=\"widget\" data-e-type=\"widget\" data-widget_type=\"button.default\">\n\t\t\t\t<div class=\"elementor-widget-container\">\n\t\t\t\t\t\t\t\t\t<div class=\"elementor-button-wrapper\">\n\t\t\t\t\t<a class=\"elementor-button elementor-button-link elementor-size-sm elementor-animation-grow\" href=\"https:\/\/www.instagram.com\/meganehaslouin\/\">\n\t\t\t\t\t\t<span class=\"elementor-button-content-wrapper\">\n\t\t\t\t\t\t<span class=\"elementor-button-icon\">\n\t\t\t\t<i aria-hidden=\"true\" class=\"fas fa-mail-bulk\"><\/i>\t\t\t<\/span>\n\t\t\t\t\t\t\t\t\t<span class=\"elementor-button-text\">Contact<\/span>\n\t\t\t\t\t<\/span>\n\t\t\t\t\t<\/a>\n\t\t\t\t<\/div>\n\t\t\t\t\t\t\t\t<\/div>\n\t\t\t\t<\/div>\n\t\t\t\t<\/div>\n\t\t\t\t<\/div>\n\t\t<div class=\"elementor-element elementor-element-593418d e-con-full e-flex e-con e-parent\" data-id=\"593418d\" data-element_type=\"container\" data-e-type=\"container\">\n\t\t<div class=\"elementor-element elementor-element-836418c e-con-full e-flex elementor-invisible e-con e-child\" data-id=\"836418c\" data-element_type=\"container\" data-e-type=\"container\" data-settings=\"{&quot;animation&quot;:&quot;fadeInRight&quot;}\">\n\t\t\t\t<div class=\"elementor-element elementor-element-668fdc2 elementor-widget elementor-widget-heading\" data-id=\"668fdc2\" data-element_type=\"widget\" data-e-type=\"widget\" data-widget_type=\"heading.default\">\n\t\t\t\t<div class=\"elementor-widget-container\">\n\t\t\t\t\t<h2 class=\"elementor-heading-title elementor-size-default\">Politique de Confidentialit\u00e9 :<\/h2>\t\t\t\t<\/div>\n\t\t\t\t<\/div>\n\t\t\t\t<div class=\"elementor-element elementor-element-46aba9a elementor-widget elementor-widget-text-editor\" data-id=\"46aba9a\" data-element_type=\"widget\" data-e-type=\"widget\" data-widget_type=\"text-editor.default\">\n\t\t\t\t<div class=\"elementor-widget-container\">\n\t\t\t\t\t\t\t\t\t<p>Qui suis-je\u00a0?<\/p><p>Le site web <a href=\"https:\/\/meganehaslouin.com\">https:\/\/meganehaslouin.com<\/a>\/\u00a0 est g\u00e9r\u00e9 par M\u00e9gane Haslouin.<\/p><p><b>UTILISATION DES DONN\u00c9ES PERSONNELLES<\/b><\/p><p><b>\u00a0<\/b><b>COMMENTAIRES<\/b><\/p><p>Lorsque les visiteurs laissent des commentaires sur le site, je recueille les donn\u00e9es indiqu\u00e9es dans le formulaire de commentaires, ainsi que l\u2019adresse IP du visiteur et la cha\u00eene de l\u2019agent utilisateur du navigateur pour aider \u00e0 d\u00e9tecter les pourriels.<br aria-hidden=\"true\" \/><br aria-hidden=\"true\" \/>Une cha\u00eene anonymis\u00e9e cr\u00e9\u00e9e \u00e0 partir de votre adresse e-mail (\u00e9galement appel\u00e9e hash) peut \u00eatre fournie au service Gravatar pour voir si vous l\u2019utilisez. La politique de confidentialit\u00e9 du service Gravatar est disponible ici\u00a0: <a href=\"https:\/\/automattic.com\/privacy\/\" target=\"_blank\" rel=\"noopener noreferrer\" data-auth=\"NotApplicable\" data-linkindex=\"2\">https:\/\/automattic.com\/privacy\/<\/a>. Apr\u00e8s l\u2019approbation de votre commentaire, votre photo de profil est visible pour le public dans le contexte de votre commentaire.<\/p><p><b>MEDIAS<\/b><\/p><p>Si vous t\u00e9l\u00e9chargez des images sur le site Web, vous devriez \u00e9viter de t\u00e9l\u00e9charger des images avec des donn\u00e9es de localisation int\u00e9gr\u00e9es (EXIF GPS) incluses.\u00a0Les visiteurs du site Web peuvent t\u00e9l\u00e9charger et extraire des donn\u00e9es de localisation \u00e0 partir d\u2019images sur le site Web.<\/p><p><b>COOKIES<\/b><\/p><p>Si vous laissez un commentaire sur mon site, vous pouvez choisir d\u2019enregistrer votre nom, votre adresse e-mail et votre site web dans des cookies. Ceux-ci sont pour votre commodit\u00e9 afin que vous n\u2019ayez pas \u00e0 remplir vos d\u00e9tails \u00e0 nouveau lorsque vous laissez un autre commentaire. Ces cookies dureront un an.<\/p><p>Si vous visitez ma page de connexion, je configure un cookie temporaire pour d\u00e9terminer si votre navigateur accepte les cookies. Ce cookie ne contient aucune donn\u00e9e personnelle et est supprim\u00e9 lorsque vous fermez votre navigateur.<\/p><p>Lorsque vous vous connectez, je configure \u00e9galement plusieurs cookies pour enregistrer vos informations de connexion et vos choix d\u2019affichage \u00e0 l\u2019\u00e9cran. Les cookies de connexion durent deux jours et les cookies d\u2019options d\u2019\u00e9cran durent un an. Si vous s\u00e9lectionnez \u201cSe souvenir de moi\u201d, votre connexion persistera pendant deux semaines. Si vous vous d\u00e9connectez de votre compte, les cookies de connexion seront supprim\u00e9s.<\/p><p>Si vous \u00e9ditez ou publiez un article, un cookie suppl\u00e9mentaire sera enregistr\u00e9 dans votre navigateur.\u00a0Ce cookie n\u2019inclut aucune donn\u00e9e personnelle et indique simplement l\u2019identifiant de l\u2019article que vous venez de modifier.\u00a0Il expire apr\u00e8s 1 jour.<\/p><p><b>CONTENU INT\u00c9GR\u00c9 PROVENANT D\u2019AUTRES SITES WEB<\/b><\/p><p>Les articles sur ce site peuvent inclure du contenu int\u00e9gr\u00e9 (ex., vid\u00e9os, images, articles, etc.). Le contenu int\u00e9gr\u00e9 d\u2019autres sites Web se comporte exactement de la m\u00eame mani\u00e8re que si le visiteur a visit\u00e9 l\u2019autre site Web.<br aria-hidden=\"true\" \/><br aria-hidden=\"true\" \/>Ces sites Web peuvent collecter des donn\u00e9es vous concernant, utiliser des cookies, int\u00e9grer un suivi tiers suppl\u00e9mentaire et surveiller votre interaction avec ce contenu int\u00e9gr\u00e9, y compris le suivi de votre interaction avec le contenu int\u00e9gr\u00e9 si vous avez un compte et \u00eates connect\u00e9 \u00e0 ce site Web.<\/p><p><b>DUR\u00c9E DE CONSERVATION DE VOS DONN\u00c9ES<\/b><\/p><p>Si vous laissez un commentaire, le commentaire et ses m\u00e9tadonn\u00e9es sont conserv\u00e9s ind\u00e9finiment.\u00a0C\u2019est pour que je puisse reconna\u00eetre et approuver automatiquement les commentaires de suivi au lieu de les maintenir dans une file d\u2019attente de mod\u00e9ration.<br aria-hidden=\"true\" \/><br aria-hidden=\"true\" \/>Pour les utilisateurs qui s\u2019inscrivent sur mon site Web (le cas \u00e9ch\u00e9ant), je conserve \u00e9galement les renseignements personnels qu\u2019ils fournissent dans leur profil d\u2019utilisateur.\u00a0Tous les utilisateurs peuvent voir, modifier ou supprimer leurs informations personnelles \u00e0 tout moment (sauf s\u2019ils ne peuvent pas changer leur nom d\u2019utilisateur).\u00a0Les administrateurs du site Web peuvent \u00e9galement voir et modifier cette information.<\/p><p><b>QUELS DROITS VOUS AVEZ SUR VOS DONN\u00c9ES ?<\/b><\/p><p>Si vous avez un compte sur ce site, ou avez laiss\u00e9 des commentaires, vous pouvez demander \u00e0 recevoir un fichier export\u00e9 des donn\u00e9es personnelles que je d\u00e9tiens \u00e0 votre sujet, y compris les donn\u00e9es que vous nous avez fournies. Vous pouvez \u00e9galement me demander d\u2019effacer toutes les donn\u00e9es personnelles que nous d\u00e9tenons \u00e0 votre sujet. Cela ne comprend pas les donn\u00e9es que je suis tenus de conserver \u00e0 des fins administratives, juridiques ou de s\u00e9curit\u00e9.<\/p>\t\t\t\t\t\t\t\t<\/div>\n\t\t\t\t<\/div>\n\t\t\t\t<\/div>\n\t\t\t\t<\/div>\n\t\t<div class=\"elementor-element elementor-element-b1f4157 e-flex e-con-boxed e-con e-parent\" data-id=\"b1f4157\" data-element_type=\"container\" data-e-type=\"container\" data-settings=\"{&quot;background_background&quot;:&quot;classic&quot;}\">\n\t\t\t\t\t<div class=\"e-con-inner\">\n\t\t\t\t<div class=\"elementor-element elementor-element-2e472fe elementor-widget elementor-widget-text-editor\" data-id=\"2e472fe\" data-element_type=\"widget\" data-e-type=\"widget\" data-widget_type=\"text-editor.default\">\n\t\t\t\t<div class=\"elementor-widget-container\">\n\t\t\t\t\t\t\t\t\t<p>M\u00e9gane Haslouin. Tous droits r\u00e9serv\u00e9s. \u2013 <a href=\"https:\/\/meganehaslouin.com\/?page_id=1473\">Mentions l\u00e9gales<\/a> \u2013 <a href=\"https:\/\/meganehaslouin.com\/?page_id=1467\">Politique de confidentialit\u00e9\u00a0<\/a><\/p>\t\t\t\t\t\t\t\t<\/div>\n\t\t\t\t<\/div>\n\t\t\t\t\t<\/div>\n\t\t\t\t<\/div>\n\t\t\t\t<\/div>\n\t\t","protected":false},"excerpt":{"rendered":"<p>Accueil l&rsquo;autrice Livres Podcast Contact Politique de Confidentialit\u00e9 : Qui suis-je\u00a0? Le site web https:\/\/meganehaslouin.com\/\u00a0 est g\u00e9r\u00e9 par M\u00e9gane Haslouin. UTILISATION DES DONN\u00c9ES PERSONNELLES \u00a0COMMENTAIRES Lorsque les visiteurs laissent des commentaires sur le site, je recueille les donn\u00e9es indiqu\u00e9es dans le formulaire de commentaires, ainsi que l\u2019adresse IP du visiteur et la cha\u00eene de l\u2019agent [&hellip;]<\/p>\n","protected":false},"author":1,"featured_media":0,"parent":0,"menu_order":0,"comment_status":"closed","ping_status":"closed","template":"elementor_canvas","meta":{"om_disable_all_campaigns":false,"_monsterinsights_skip_tracking":false,"_monsterinsights_sitenote_active":false,"_monsterinsights_sitenote_note":"","_monsterinsights_sitenote_category":0,"_uf_show_specific_survey":0,"_uf_disable_surveys":false,"footnotes":""},"class_list":["post-1467","page","type-page","status-publish","hentry"],"aioseo_notices":[],"_links":{"self":[{"href":"https:\/\/meganehaslouin.com\/index.php?rest_route=\/wp\/v2\/pages\/1467","targetHints":{"allow":["GET"]}}],"collection":[{"href":"https:\/\/meganehaslouin.com\/index.php?rest_route=\/wp\/v2\/pages"}],"about":[{"href":"https:\/\/meganehaslouin.com\/index.php?rest_route=\/wp\/v2\/types\/page"}],"author":[{"embeddable":true,"href":"https:\/\/meganehaslouin.com\/index.php?rest_route=\/wp\/v2\/users\/1"}],"replies":[{"embeddable":true,"href":"https:\/\/meganehaslouin.com\/index.php?rest_route=%2Fwp%2Fv2%2Fcomments&post=1467"}],"version-history":[{"count":16,"href":"https:\/\/meganehaslouin.com\/index.php?rest_route=\/wp\/v2\/pages\/1467\/revisions"}],"predecessor-version":[{"id":1603,"href":"https:\/\/meganehaslouin.com\/index.php?rest_route=\/wp\/v2\/pages\/1467\/revisions\/1603"}],"wp:attachment":[{"href":"https:\/\/meganehaslouin.com\/index.php?rest_route=%2Fwp%2Fv2%2Fmedia&parent=1467"}],"curies":[{"name":"wp","href":"https:\/\/api.w.org\/{rel}","templated":true}]}}